{"id":30,"date":"2019-03-21T16:23:30","date_gmt":"2019-03-21T16:23:30","guid":{"rendered":"http:\/\/rossundriesling.de\/?page_id=30"},"modified":"2020-05-14T23:32:46","modified_gmt":"2020-05-14T23:32:46","slug":"weinkarte","status":"publish","type":"page","link":"http:\/\/rossundriesling.de\/?page_id=30","title":{"rendered":"Weinkarte"},"content":{"rendered":"\n<figure class=\"wp-block-image\"><img loading=\"lazy\" width=\"1024\" height=\"683\" src=\"http:\/\/rossundriesling.de\/wp-content\/uploads\/2019\/04\/white-wine-848268_1920-1024x683.jpg\" alt=\"\" class=\"wp-image-151\" srcset=\"http:\/\/rossundriesling.de\/wp-content\/uploads\/2019\/04\/white-wine-848268_1920-1024x683.jpg 1024w, http:\/\/rossundriesling.de\/wp-content\/uploads\/2019\/04\/white-wine-848268_1920-300x200.jpg 300w, http:\/\/rossundriesling.de\/wp-content\/uploads\/2019\/04\/white-wine-848268_1920-768x512.jpg 768w, http:\/\/rossundriesling.de\/wp-content\/uploads\/2019\/04\/white-wine-848268_1920.jpg 1920w\" sizes=\"(max-width: 767px) 89vw, (max-width: 1000px) 54vw, (max-width: 1071px) 543px, 580px\" \/><\/figure>\n\n\n\n<figure class=\"wp-block-table\"><table class=\"\"><tbody><tr><td><strong>Wei\u00dfwein<\/strong><\/td><td class=\"has-text-align-right\" data-align=\"right\"><\/td><\/tr><tr><td>Wei\u00dfweinschorle<\/td><td class=\"has-text-align-right\" data-align=\"right\"><\/td><\/tr><tr><td>Ross&amp;Riesling Cuv\u00e9e trocken&nbsp;&nbsp;&nbsp;&nbsp;&nbsp;&nbsp;&nbsp;&nbsp;&nbsp;&nbsp;&nbsp;&nbsp;&nbsp;<br>wei\u00dfer Burgunder\/wei\u00dfer Riesling&nbsp;&nbsp;&nbsp;&nbsp;&nbsp;&nbsp;&nbsp;<br>&nbsp;\u201eAuerbach\u201c QbA&nbsp;&nbsp;&nbsp;&nbsp;&nbsp;&nbsp;&nbsp;&nbsp;&nbsp;&nbsp;&nbsp;&nbsp;&nbsp;&nbsp;&nbsp;&nbsp;&nbsp;&nbsp;&nbsp;&nbsp;&nbsp;&nbsp;&nbsp;&nbsp;&nbsp;&nbsp;&nbsp;&nbsp;&nbsp;<br>Weingut Rothweiler<\/td><td class=\"has-text-align-right\" data-align=\"right\"><\/td><\/tr><tr><td>Riesling trocken                                 <br> \u201eBensheimer Kirchberg\u201c QbA              <br> Weingut der Stadt Bensheim<\/td><td class=\"has-text-align-right\" data-align=\"right\"><\/td><\/tr><tr><td>Roter Riesling trocken                       <br> \u201eBensheimer Kirchberg\u201c QbA             <br> Weingut der Stadt Bensheim <\/td><td class=\"has-text-align-right\" data-align=\"right\"><\/td><\/tr><tr><td>Riesling feinherb\u00a0\u00a0\u00a0\u00a0\u00a0\u00a0\u00a0\u00a0\u00a0\u00a0\u00a0\u00a0\u00a0\u00a0\u00a0\u00a0\u00a0\u00a0\u00a0\u00a0\u00a0\u00a0\u00a0\u00a0\u00a0\u00a0\u00a0\u00a0\u00a0 <br>\u201eAuerbach\u201c QbA\u00a0\u00a0\u00a0\u00a0\u00a0\u00a0\u00a0\u00a0\u00a0\u00a0\u00a0\u00a0\u00a0\u00a0<br>Weingut Rothweiler<\/td><td class=\"has-text-align-right\" data-align=\"right\"><\/td><\/tr><tr><td>Grauburgunder trocken&nbsp;&nbsp;&nbsp;&nbsp;&nbsp;&nbsp;&nbsp;&nbsp;&nbsp;<br>\u201eAuerbach\u201c QbA&nbsp;&nbsp;&nbsp;&nbsp;&nbsp;&nbsp;<br>Weingut Rothweiler<\/td><td class=\"has-text-align-right\" data-align=\"right\"><\/td><\/tr><tr><td>Auxerrois trocken&nbsp;&nbsp;&nbsp;&nbsp;&nbsp;&nbsp;&nbsp;&nbsp;&nbsp;&nbsp;&nbsp;&nbsp;&nbsp;&nbsp;&nbsp;&nbsp;&nbsp;&nbsp;&nbsp;&nbsp;&nbsp;&nbsp;&nbsp;&nbsp;&nbsp;&nbsp;&nbsp;&nbsp;&nbsp;&nbsp;&nbsp;&nbsp;&nbsp;<br>\u201eAuerbacher F\u00fcrstenlager\u201c QbA&nbsp;&nbsp;&nbsp;&nbsp;&nbsp;&nbsp;&nbsp;&nbsp;&nbsp;<br>Weingut Rothweiler&nbsp;<\/td><td class=\"has-text-align-right\" data-align=\"right\"><\/td><\/tr><tr><td><strong>Ros\u00e9<\/strong><\/td><td class=\"has-text-align-right\" data-align=\"right\"><\/td><\/tr><tr><td>Ros\u00e9 halbtrocken&nbsp;&nbsp;&nbsp;&nbsp;&nbsp;&nbsp;&nbsp;&nbsp;&nbsp;&nbsp;&nbsp;&nbsp;&nbsp;&nbsp;&nbsp;&nbsp;&nbsp;&nbsp;&nbsp;&nbsp;&nbsp;&nbsp;&nbsp;&nbsp;&nbsp;&nbsp;&nbsp;&nbsp;&nbsp;&nbsp;&nbsp;&nbsp;&nbsp;<br>\u201eBensheimer Kalkgasse\u201c QbA&nbsp;&nbsp;&nbsp;&nbsp;&nbsp;&nbsp;&nbsp;&nbsp;&nbsp;&nbsp;&nbsp;&nbsp;&nbsp;&nbsp;<br>Weingut der Stadt Bensheim&nbsp;<\/td><td class=\"has-text-align-right\" data-align=\"right\"><\/td><\/tr><tr><td>Rotling feinherb&nbsp;&nbsp;&nbsp;&nbsp;&nbsp;&nbsp;&nbsp;&nbsp;&nbsp;&nbsp;&nbsp;&nbsp;&nbsp;&nbsp;&nbsp;&nbsp;&nbsp;&nbsp;&nbsp;&nbsp;&nbsp;&nbsp;&nbsp;&nbsp;&nbsp;&nbsp;&nbsp;&nbsp;&nbsp;&nbsp;&nbsp;&nbsp;&nbsp;&nbsp;<br>\u201eAuerbacher F\u00fcrstenlager\u201c QbA&nbsp;&nbsp;&nbsp;&nbsp;&nbsp;&nbsp;&nbsp;&nbsp;&nbsp;&nbsp;<br>Weingut Rothweiler&nbsp;<\/td><td class=\"has-text-align-right\" data-align=\"right\"><\/td><\/tr><tr><td><strong>Rotwein<\/strong><\/td><td class=\"has-text-align-right\" data-align=\"right\"><\/td><\/tr><tr><td>Dornfelder trocken&nbsp;&nbsp;&nbsp;&nbsp;&nbsp;&nbsp;&nbsp;&nbsp;&nbsp;&nbsp;&nbsp;&nbsp;&nbsp;&nbsp;&nbsp;&nbsp;&nbsp;&nbsp;&nbsp;&nbsp;&nbsp;&nbsp;&nbsp;&nbsp;&nbsp;&nbsp;&nbsp;&nbsp;&nbsp;<br>\u201eHeppenheimer Schlo\u00dfberg\u201c QbA&nbsp;&nbsp;&nbsp;&nbsp;&nbsp;&nbsp;&nbsp;<br>Bergst\u00e4\u00dfer Winzer eG<\/td><td class=\"has-text-align-right\" data-align=\"right\"><\/td><\/tr><tr><td>Cabernet Sauvignon trocken&nbsp;&nbsp;&nbsp;&nbsp;&nbsp;&nbsp;&nbsp;&nbsp;&nbsp;&nbsp;&nbsp;&nbsp;&nbsp;&nbsp;&nbsp;<br>\u201eAuerbacher F\u00fcrstenlager\u201c QbA&nbsp;&nbsp;&nbsp;&nbsp;&nbsp;&nbsp;&nbsp;&nbsp;&nbsp;&nbsp;&nbsp;&nbsp;&nbsp;&nbsp;&nbsp;&nbsp;&nbsp;&nbsp;&nbsp;&nbsp;&nbsp;&nbsp;&nbsp;&nbsp;&nbsp;&nbsp;&nbsp;&nbsp;&nbsp;&nbsp;&nbsp;<br>Weingut Rothweiler&nbsp;<\/td><td class=\"has-text-align-right\" data-align=\"right\"><\/td><\/tr><\/tbody><\/table><\/figure>\n\n\n\n<p>Die aktuellen Preise zu unseren Getr\u00e4nken und Speisen, sowie Informationen zu bevorstehenden Events finden Sie auf unserer <code><a rel=\"noreferrer noopener\" aria-label=\" (opens in a new tab)\" href=\"https:\/\/www.facebook.com\/rossundriesling\/\" target=\"_blank\">Facebook-Seite<\/a><\/code>. <\/p>\n","protected":false},"excerpt":{"rendered":"<p>Wei\u00dfwein Wei\u00dfweinschorle Ross&amp;Riesling Cuv\u00e9e trocken&nbsp;&nbsp;&nbsp;&nbsp;&nbsp;&nbsp;&nbsp;&nbsp;&nbsp;&nbsp;&nbsp;&nbsp;&nbsp;wei\u00dfer Burgunder\/wei\u00dfer Riesling&nbsp;&nbsp;&nbsp;&nbsp;&nbsp;&nbsp;&nbsp;&nbsp;\u201eAuerbach\u201c QbA&nbsp;&nbsp;&nbsp;&nbsp;&nbsp;&nbsp;&nbsp;&nbsp;&nbsp;&nbsp;&nbsp;&nbsp;&nbsp;&nbsp;&nbsp;&nbsp;&nbsp;&nbsp;&nbsp;&nbsp;&nbsp;&nbsp;&nbsp;&nbsp;&nbsp;&nbsp;&nbsp;&nbsp;&nbsp;Weingut Rothweiler Riesling trocken \u201eBensheimer Kirchberg\u201c QbA Weingut der Stadt Bensheim Roter Riesling trocken \u201eBensheimer Kirchberg\u201c QbA Weingut der Stadt Bensheim Riesling feinherb\u00a0\u00a0\u00a0\u00a0\u00a0\u00a0\u00a0\u00a0\u00a0\u00a0\u00a0\u00a0\u00a0\u00a0\u00a0\u00a0\u00a0\u00a0\u00a0\u00a0\u00a0\u00a0\u00a0\u00a0\u00a0\u00a0\u00a0\u00a0\u00a0 \u201eAuerbach\u201c QbA\u00a0\u00a0\u00a0\u00a0\u00a0\u00a0\u00a0\u00a0\u00a0\u00a0\u00a0\u00a0\u00a0\u00a0Weingut Rothweiler Grauburgunder trocken&nbsp;&nbsp;&nbsp;&nbsp;&nbsp;&nbsp;&nbsp;&nbsp;&nbsp;\u201eAuerbach\u201c QbA&nbsp;&nbsp;&nbsp;&nbsp;&nbsp;&nbsp;Weingut Rothweiler Auxerrois trocken&nbsp;&nbsp;&nbsp;&nbsp;&nbsp;&nbsp;&nbsp;&nbsp;&nbsp;&nbsp;&nbsp;&nbsp;&nbsp;&nbsp;&nbsp;&nbsp;&nbsp;&nbsp;&nbsp;&nbsp;&nbsp;&nbsp;&nbsp;&nbsp;&nbsp;&nbsp;&nbsp;&nbsp;&nbsp;&nbsp;&nbsp;&nbsp;&nbsp;\u201eAuerbacher F\u00fcrstenlager\u201c QbA&nbsp;&nbsp;&nbsp;&nbsp;&nbsp;&nbsp;&nbsp;&nbsp;&nbsp;Weingut Rothweiler&nbsp; Ros\u00e9 Ros\u00e9 halbtrocken&nbsp;&nbsp;&nbsp;&nbsp;&nbsp;&nbsp;&nbsp;&nbsp;&nbsp;&nbsp;&nbsp;&nbsp;&nbsp;&nbsp;&nbsp;&nbsp;&nbsp;&nbsp;&nbsp;&nbsp;&nbsp;&nbsp;&nbsp;&nbsp;&nbsp;&nbsp;&nbsp;&nbsp;&nbsp;&nbsp;&nbsp;&nbsp;&nbsp;\u201eBensheimer Kalkgasse\u201c QbA&nbsp;&nbsp;&nbsp;&nbsp;&nbsp;&nbsp;&nbsp;&nbsp;&nbsp;&nbsp;&nbsp;&nbsp;&nbsp;&nbsp;Weingut der Stadt Bensheim&nbsp; Rotling feinherb&nbsp;&nbsp;&nbsp;&nbsp;&nbsp;&nbsp;&nbsp;&nbsp;&nbsp;&nbsp;&nbsp;&nbsp;&nbsp;&nbsp;&nbsp;&nbsp;&nbsp;&nbsp;&nbsp;&nbsp;&nbsp;&nbsp;&nbsp;&nbsp;&nbsp;&nbsp;&nbsp;&nbsp;&nbsp;&nbsp;&nbsp;&nbsp;&nbsp;&nbsp;\u201eAuerbacher F\u00fcrstenlager\u201c QbA&nbsp;&nbsp;&nbsp;&nbsp;&nbsp;&nbsp;&nbsp;&nbsp;&nbsp;&nbsp;Weingut Rothweiler&nbsp; &hellip; <\/p>\n<p class=\"link-more\"><a href=\"http:\/\/rossundriesling.de\/?page_id=30\" class=\"more-link\"><span class=\"screen-reader-text\">\u201eWeinkarte\u201c<\/span> weiterlesen<\/a><\/p>\n","protected":false},"author":1,"featured_media":0,"parent":27,"menu_order":0,"comment_status":"closed","ping_status":"closed","template":"","meta":{"spay_email":""},"_links":{"self":[{"href":"http:\/\/rossundriesling.de\/index.php?rest_route=\/wp\/v2\/pages\/30"}],"collection":[{"href":"http:\/\/rossundriesling.de\/index.php?rest_route=\/wp\/v2\/pages"}],"about":[{"href":"http:\/\/rossundriesling.de\/index.php?rest_route=\/wp\/v2\/types\/page"}],"author":[{"embeddable":true,"href":"http:\/\/rossundriesling.de\/index.php?rest_route=\/wp\/v2\/users\/1"}],"replies":[{"embeddable":true,"href":"http:\/\/rossundriesling.de\/index.php?rest_route=%2Fwp%2Fv2%2Fcomments&post=30"}],"version-history":[{"count":12,"href":"http:\/\/rossundriesling.de\/index.php?rest_route=\/wp\/v2\/pages\/30\/revisions"}],"predecessor-version":[{"id":266,"href":"http:\/\/rossundriesling.de\/index.php?rest_route=\/wp\/v2\/pages\/30\/revisions\/266"}],"up":[{"embeddable":true,"href":"http:\/\/rossundriesling.de\/index.php?rest_route=\/wp\/v2\/pages\/27"}],"wp:attachment":[{"href":"http:\/\/rossundriesling.de\/index.php?rest_route=%2Fwp%2Fv2%2Fmedia&parent=30"}],"curies":[{"name":"wp","href":"https:\/\/api.w.org\/{rel}","templated":true}]}}